{"id":2,"date":"2025-09-22T08:55:26","date_gmt":"2025-09-22T08:55:26","guid":{"rendered":"https:\/\/framework.godigiart.com\/?page_id=2"},"modified":"2025-09-22T20:33:42","modified_gmt":"2025-09-22T20:33:42","slug":"sample-page","status":"publish","type":"page","link":"https:\/\/framework.godigiart.com\/","title":{"rendered":"Sample Page"},"content":{"rendered":"\t\t<div data-elementor-type=\"wp-page\" data-elementor-id=\"2\" class=\"elementor elementor-2\">\n\t\t\t\t<div class=\"elementor-element elementor-element-703b1dbc e-flex e-con-boxed e-con e-parent\" data-id=\"703b1dbc\" data-element_type=\"container\" data-e-type=\"container\">\n\t\t\t\t\t<div class=\"e-con-inner\">\n\t\t\t\t<div class=\"elementor-element elementor-element-3bdb08a4 elementor-widget elementor-widget-text-editor\" data-id=\"3bdb08a4\" data-element_type=\"widget\" data-e-type=\"widget\" data-widget_type=\"text-editor.default\">\n\t\t\t\t\t\t\t\t\t\n<p>This is an example page. It&#8217;s different from a blog post because it will stay in one place and will show up in your site navigation (in most themes). Most people start with an About page that introduces them to potential site visitors. It might say something like this:<\/p>\n\n\n\n<blockquote class=\"wp-block-quote is-layout-flow wp-block-quote-is-layout-flow\"><p>Hi there! I&#8217;m a bike messenger by day, aspiring actor by night, and this is my website. I live in Los Angeles, have a great dog named Jack, and I like pi&#241;a coladas. (And gettin&#8217; caught in the rain.)<\/p><\/blockquote>\n\n\n\n<p>&#8230;or something like this:<\/p>\n\n\n\n<blockquote class=\"wp-block-quote is-layout-flow wp-block-quote-is-layout-flow\"><p>The XYZ Doohickey Company was founded in 1971, and has been providing quality doohickeys to the public ever since. Located in Gotham City, XYZ employs over 2,000 people and does all kinds of awesome things for the Gotham community.<\/p><\/blockquote>\n\n\n\n<p>As a new WordPress user, you should go to <a href=\"https:\/\/framework.godigiart.com\/wp-admin\/\">your dashboard<\/a> to delete this page and create new pages for your content. Have fun!<\/p>\n\t\t\t\t\t\t\t\t<\/div>\n\t\t\t\t\t<\/div>\n\t\t\t\t<\/div>\n\t\t<div class=\"elementor-element elementor-element-30fc031 e-flex e-con-boxed e-con e-parent\" data-id=\"30fc031\" data-element_type=\"container\" data-e-type=\"container\">\n\t\t\t\t\t<div class=\"e-con-inner\">\n\t\t\t\t<div class=\"elementor-element elementor-element-a742f21 elementor-widget elementor-widget-shortcode\" data-id=\"a742f21\" data-element_type=\"widget\" data-e-type=\"widget\" data-widget_type=\"shortcode.default\">\n\t\t\t\t\t\t\t<div class=\"elementor-shortcode\">\n<div class=\"xoo-el-form-container xoo-el-form-inline\" data-active=\"single\">\n\n\t\n\t\n\t\n\t\n\t\n\t\t\t\n\t\t<div data-section=\"single\" class=\"xoo-el-section\">\n\n\t\t\t<div class=\"xoo-el-fields\">\n\n\t\t\t\t<div class=\"xoo-el-notice\"><\/div>\n\t\t\t\t<form class=\"xoo-el-action-form xoo-el-form-single\">\n\n\t\t\t\t\t\n\t\t\t\t\t\n<span class=\"xoo-el-sing-head\">Welcome to Desarrollo<\/span>\n\n<span class=\"xoo-el-sing-subtxt\">Log in or sign up with your email.<\/span>\n\n\n<div class=\"xoo-el-sing-fields\">\n\n\t<div class=\"xoo-el-fields-cont\"><div class=\"xoo-aff-group xoo-aff-cont-text one xoo-aff-cont-required xoo-el-sing-user_cont\"><div class=\"xoo-aff-input-group\"><span class=\"xoo-aff-input-icon fas fa-user-plus\"><\/span><input type=\"text\" class=\"xoo-aff-required xoo-aff-text\" name=\"xoo-el-sing-user\" placeholder=\"Nombre de usuario \/ Correo electr\u00f3nico\"  value=\"\" required=\"\t\" autocomplete=\"username\"\/><\/div><\/div><\/div>\n\t\n<\/div>\n\n<input type=\"hidden\" name=\"_xoo_el_form\" value=\"single\">\n\n<input type=\"hidden\" name=\"_xoo_el_referral\" value=\"\">\n\n<button type=\"submit\" class=\"button btn xoo-el-action-btn xoo-el-single-btn\">Continuar<\/button>\n\t\t\t\t\t\n\t\t\t\t<\/form>\n\n\t\t\t\t\r\n\t\r\n\t\r\n\r\n\t\r\n\t\n\t\t\t<\/div>\n\n\t\t<\/div>\n\n\t\n\t\t\t\n\t\t<div data-section=\"login\" class=\"xoo-el-section\">\n\n\t\t\t<div class=\"xoo-el-fields\">\n\n\t\t\t\t<div class=\"xoo-el-notice\"><\/div>\n\t\t\t\t<form class=\"xoo-el-action-form xoo-el-form-login\">\n\n\t\t\t\t\t\n\t\t\t\t\t<div class=\"xoo-el-fields-cont\"><div class=\"xoo-aff-group xoo-aff-cont-text one xoo-aff-cont-required xoo-el-username_cont\"><div class=\"xoo-aff-input-group\"><span class=\"xoo-aff-input-icon fas fa-user-plus\"><\/span><input type=\"text\" class=\"xoo-aff-required xoo-aff-text\" name=\"xoo-el-username\" placeholder=\"Nombre de usuario \/ Correo electr\u00f3nico\"  value=\"\" required=\"\t\" autocomplete=\"username\"\/><\/div><\/div><div class=\"xoo-aff-group xoo-aff-cont-password one xoo-aff-cont-required xoo-el-password_cont\"><div class=\"xoo-aff-input-group\"><span class=\"xoo-aff-input-icon fas fa-key\"><\/span><input type=\"password\" class=\"xoo-aff-required xoo-aff-password\" name=\"xoo-el-password\" placeholder=\"Contrase\u00f1a\"  value=\"\" required=\"\t\" autocomplete=\"current-password\"\/><div class=\"xoo-aff-pw-toggle\">\n\t\t\t\t\t<span class=\"xoo-aff-pwtog-show\"><i class=\"far fa-eye\"><\/i><\/span>\n\t\t\t\t\t<span class=\"xoo-aff-pwtog-hide\"><i class=\"far fa-eye-slash\"><\/i><\/span>\n\t\t\t\t\t<\/div><\/div><\/div><\/div>\n<div class=\"xoo-aff-group xoo-el-login-btm-fields\">\n\t<label class=\"xoo-el-form-label\">\n\t\t<input type=\"checkbox\" name=\"xoo-el-rememberme\" value=\"forever\" \/>\n\t\t<span>Recu\u00e9rdame<\/span>\n\t<\/label>\n\t<a class=\"xoo-el-lostpw-tgr\" rel=\"nofollow\" href=\"#\">\u00bfHas olvidado la contrase\u00f1a?<\/a>\n<\/div>\n\n\t\t\t<input type=\"hidden\" name=\"_xoo_el_login_has_single\" value=\"yes\">\n\t\t\t\n<input type=\"hidden\" name=\"_xoo_el_form\" value=\"login\">\n\n<button type=\"submit\" class=\"button btn xoo-el-action-btn xoo-el-login-btn\" >Acceder<\/button>\n\n<input type=\"hidden\" name=\"xoo_el_redirect\" value=\"https:\/\/framework.godigiart.com\/index.php\/mi-panel\/\">\n\t\t\t\t\t\n\t\t\t\t<\/form>\n\n\t\t\t\t\r\n\t\r\n\t\r\n\r\n\t\r\n\t\n\t\t\t<\/div>\n\n\t\t<\/div>\n\n\t\n\t\t\n\t\t\t\n\t\t<div data-section=\"lostpw\" class=\"xoo-el-section\">\n\n\t\t\t<div class=\"xoo-el-fields\">\n\n\t\t\t\t<div class=\"xoo-el-notice\"><\/div>\n\t\t\t\t<form class=\"xoo-el-action-form xoo-el-form-lostpw\">\n\n\t\t\t\t\t\n\t\t\t\t\t\n\n<span class=\"xoo-el-form-txt\">\u00bfHas perdido tu contrase\u00f1a? Por favor, introduce tu nombre de usuario o direcci\u00f3n de correo electr\u00f3nico. Recibir\u00e1s por correo electr\u00f3nico un enlace para crear una nueva contrase\u00f1a.<\/span>\n\n<div class=\"xoo-el-fields-cont\"><div class=\"xoo-aff-group xoo-aff-cont-text one xoo-aff-cont-required user_login_cont\"><div class=\"xoo-aff-input-group\"><span class=\"xoo-aff-input-icon fas fa-user-plus\"><\/span><input type=\"text\" class=\"xoo-aff-required xoo-aff-text\" name=\"user_login\" placeholder=\"Nombre de usuario \/ Correo electr\u00f3nico\"  value=\"\" required=\"\t\"\/><\/div><\/div><\/div>\n\n<input type=\"hidden\" name=\"_xoo_el_form\" value=\"lostPassword\">\n\n<input type=\"hidden\" name=\"_wp_http_referer\" value=\"\/index.php\/wp-json\/wp\/v2\/pages\/2\" \/>\n<button type=\"submit\" class=\"button btn xoo-el-action-btn xoo-el-lostpw-btn\">Enviar el enlace para restablecer<\/button>\n\t\t\t\t\t\n\t\t\t\t<\/form>\n\n\t\t\t\t\r\n\t\r\n\t\r\n\r\n\t\r\n\t\n\t\t\t<\/div>\n\n\t\t<\/div>\n\n\t\n\t\n<\/div><\/div>\n\t\t\t\t\t\t<\/div>\n\t\t\t\t\t<\/div>\n\t\t\t\t<\/div>\n\t\t\t\t<\/div>\n\t\t","protected":false},"excerpt":{"rendered":"<p>This is an example page. It&#8217;s different from a blog post because it will stay in one place and will show up in your site navigation (in most themes). Most people start with an About page that introduces them to potential site visitors. It might say something like this: Hi there! I&#8217;m a bike messenger [&hellip;]<\/p>\n","protected":false},"author":1,"featured_media":0,"parent":0,"menu_order":0,"comment_status":"closed","ping_status":"open","template":"","meta":{"footnotes":""},"class_list":["post-2","page","type-page","status-publish","hentry"],"yoast_head":"<!-- This site is optimized with the Yoast SEO plugin v27.5 - https:\/\/yoast.com\/product\/yoast-seo-wordpress\/ -->\n<title>Sample Page - Desarrollo<\/title>\n<meta name=\"robots\" content=\"index, follow, max-snippet:-1, max-image-preview:large, max-video-preview:-1\" \/>\n<link rel=\"canonical\" href=\"https:\/\/framework.godigiart.com\/\" \/>\n<meta property=\"og:locale\" content=\"es_ES\" \/>\n<meta property=\"og:type\" content=\"article\" \/>\n<meta property=\"og:title\" content=\"Sample Page - Desarrollo\" \/>\n<meta property=\"og:description\" content=\"This is an example page. It&#8217;s different from a blog post because it will stay in one place and will show up in your site navigation (in most themes). Most people start with an About page that introduces them to potential site visitors. It might say something like this: Hi there! I&#8217;m a bike messenger [&hellip;]\" \/>\n<meta property=\"og:url\" content=\"https:\/\/framework.godigiart.com\/\" \/>\n<meta property=\"og:site_name\" content=\"Desarrollo\" \/>\n<meta property=\"article:modified_time\" content=\"2025-09-22T20:33:42+00:00\" \/>\n<meta name=\"twitter:card\" content=\"summary_large_image\" \/>\n<meta name=\"twitter:label1\" content=\"Tiempo de lectura\" \/>\n\t<meta name=\"twitter:data1\" content=\"1 minuto\" \/>\n<script type=\"application\/ld+json\" class=\"yoast-schema-graph\">{\"@context\":\"https:\\\/\\\/schema.org\",\"@graph\":[{\"@type\":\"WebPage\",\"@id\":\"https:\\\/\\\/framework.godigiart.com\\\/\",\"url\":\"https:\\\/\\\/framework.godigiart.com\\\/\",\"name\":\"Sample Page - Desarrollo\",\"isPartOf\":{\"@id\":\"https:\\\/\\\/framework.godigiart.com\\\/#website\"},\"datePublished\":\"2025-09-22T08:55:26+00:00\",\"dateModified\":\"2025-09-22T20:33:42+00:00\",\"breadcrumb\":{\"@id\":\"https:\\\/\\\/framework.godigiart.com\\\/#breadcrumb\"},\"inLanguage\":\"es\",\"potentialAction\":[{\"@type\":\"ReadAction\",\"target\":[\"https:\\\/\\\/framework.godigiart.com\\\/\"]}]},{\"@type\":\"BreadcrumbList\",\"@id\":\"https:\\\/\\\/framework.godigiart.com\\\/#breadcrumb\",\"itemListElement\":[{\"@type\":\"ListItem\",\"position\":1,\"name\":\"Portada\",\"item\":\"https:\\\/\\\/framework.godigiart.com\\\/\"},{\"@type\":\"ListItem\",\"position\":2,\"name\":\"Sample Page\"}]},{\"@type\":\"WebSite\",\"@id\":\"https:\\\/\\\/framework.godigiart.com\\\/#website\",\"url\":\"https:\\\/\\\/framework.godigiart.com\\\/\",\"name\":\"Desarrollo\",\"description\":\"\",\"potentialAction\":[{\"@type\":\"SearchAction\",\"target\":{\"@type\":\"EntryPoint\",\"urlTemplate\":\"https:\\\/\\\/framework.godigiart.com\\\/?s={search_term_string}\"},\"query-input\":{\"@type\":\"PropertyValueSpecification\",\"valueRequired\":true,\"valueName\":\"search_term_string\"}}],\"inLanguage\":\"es\"}]}<\/script>\n<!-- \/ Yoast SEO plugin. -->","yoast_head_json":{"title":"Sample Page - Desarrollo","robots":{"index":"index","follow":"follow","max-snippet":"max-snippet:-1","max-image-preview":"max-image-preview:large","max-video-preview":"max-video-preview:-1"},"canonical":"https:\/\/framework.godigiart.com\/","og_locale":"es_ES","og_type":"article","og_title":"Sample Page - Desarrollo","og_description":"This is an example page. It&#8217;s different from a blog post because it will stay in one place and will show up in your site navigation (in most themes). Most people start with an About page that introduces them to potential site visitors. It might say something like this: Hi there! I&#8217;m a bike messenger [&hellip;]","og_url":"https:\/\/framework.godigiart.com\/","og_site_name":"Desarrollo","article_modified_time":"2025-09-22T20:33:42+00:00","twitter_card":"summary_large_image","twitter_misc":{"Tiempo de lectura":"1 minuto"},"schema":{"@context":"https:\/\/schema.org","@graph":[{"@type":"WebPage","@id":"https:\/\/framework.godigiart.com\/","url":"https:\/\/framework.godigiart.com\/","name":"Sample Page - Desarrollo","isPartOf":{"@id":"https:\/\/framework.godigiart.com\/#website"},"datePublished":"2025-09-22T08:55:26+00:00","dateModified":"2025-09-22T20:33:42+00:00","breadcrumb":{"@id":"https:\/\/framework.godigiart.com\/#breadcrumb"},"inLanguage":"es","potentialAction":[{"@type":"ReadAction","target":["https:\/\/framework.godigiart.com\/"]}]},{"@type":"BreadcrumbList","@id":"https:\/\/framework.godigiart.com\/#breadcrumb","itemListElement":[{"@type":"ListItem","position":1,"name":"Portada","item":"https:\/\/framework.godigiart.com\/"},{"@type":"ListItem","position":2,"name":"Sample Page"}]},{"@type":"WebSite","@id":"https:\/\/framework.godigiart.com\/#website","url":"https:\/\/framework.godigiart.com\/","name":"Desarrollo","description":"","potentialAction":[{"@type":"SearchAction","target":{"@type":"EntryPoint","urlTemplate":"https:\/\/framework.godigiart.com\/?s={search_term_string}"},"query-input":{"@type":"PropertyValueSpecification","valueRequired":true,"valueName":"search_term_string"}}],"inLanguage":"es"}]}},"_links":{"self":[{"href":"https:\/\/framework.godigiart.com\/index.php\/wp-json\/wp\/v2\/pages\/2","targetHints":{"allow":["GET"]}}],"collection":[{"href":"https:\/\/framework.godigiart.com\/index.php\/wp-json\/wp\/v2\/pages"}],"about":[{"href":"https:\/\/framework.godigiart.com\/index.php\/wp-json\/wp\/v2\/types\/page"}],"author":[{"embeddable":true,"href":"https:\/\/framework.godigiart.com\/index.php\/wp-json\/wp\/v2\/users\/1"}],"replies":[{"embeddable":true,"href":"https:\/\/framework.godigiart.com\/index.php\/wp-json\/wp\/v2\/comments?post=2"}],"version-history":[{"count":9,"href":"https:\/\/framework.godigiart.com\/index.php\/wp-json\/wp\/v2\/pages\/2\/revisions"}],"predecessor-version":[{"id":55,"href":"https:\/\/framework.godigiart.com\/index.php\/wp-json\/wp\/v2\/pages\/2\/revisions\/55"}],"wp:attachment":[{"href":"https:\/\/framework.godigiart.com\/index.php\/wp-json\/wp\/v2\/media?parent=2"}],"curies":[{"name":"wp","href":"https:\/\/api.w.org\/{rel}","templated":true}]}}